{"id":49958,"date":"2024-04-26T07:56:22","date_gmt":"2024-04-26T07:56:22","guid":{"rendered":"https:\/\/flamenconsciente.com\/laura-pesarini\/"},"modified":"2024-05-22T09:13:56","modified_gmt":"2024-05-22T09:13:56","slug":"laura-pesarini","status":"publish","type":"page","link":"https:\/\/flamenconsciente.com\/en\/laura-pesarini\/","title":{"rendered":"Laura Pesarini"},"content":{"rendered":"\t\t<div data-elementor-type=\"wp-page\" data-elementor-id=\"49958\" class=\"elementor elementor-49958 elementor-48642\">\n\t\t\t\t<div class=\"elementor-element elementor-element-7fd05df e-flex e-con-boxed e-con e-parent\" data-id=\"7fd05df\" data-element_type=\"container\">\n\t\t\t\t\t<div class=\"e-con-inner\">\n\t\t<div class=\"elementor-element elementor-element-5b0dbee e-con-full e-flex e-con e-child\" data-id=\"5b0dbee\" data-element_type=\"container\">\n\t\t\t\t<div class=\"elementor-element elementor-element-f207e57 elementor-widget elementor-widget-heading\" data-id=\"f207e57\" data-element_type=\"widget\" data-widget_type=\"heading.default\">\n\t\t\t\t<div class=\"elementor-widget-container\">\n\t\t\t<h1 class=\"elementor-heading-title elementor-size-default\">Laura Pesarini<\/h1>\t\t<\/div>\n\t\t\t\t<\/div>\n\t\t\t\t<div class=\"elementor-element elementor-element-376c01f h3fake elementor-widget elementor-widget-text-editor\" data-id=\"376c01f\" data-element_type=\"widget\" data-widget_type=\"text-editor.default\">\n\t\t\t\t<div class=\"elementor-widget-container\">\n\t\t\t\t\t\t\t<p><em>&#8220;Thanks to CBT, I have learned to enjoy my dance, and now I love what I see in the mirror! As a trainer, I want to accompany you in this process so that you too can achieve your personal development in flamenco dance.&#8221;<\/em><\/p>\n\t\t\t\t\t\t<\/div>\n\t\t\t\t<\/div>\n\t\t\t\t<div class=\"elementor-element elementor-element-ea74e08 pfake elementor-widget elementor-widget-text-editor\" data-id=\"ea74e08\" data-element_type=\"widget\" data-widget_type=\"text-editor.default\">\n\t\t\t\t<div class=\"elementor-widget-container\">\n\t\t\t\t\t\t\t<h2 style=\"text-align: left;\">\u2192 Accredited CBT Trainer and FlamenConsciente\u00ae Tutor.<br \/>\u2192 Dancer and director of Luna Roja, an accredited FlamenConsciente\u00ae center in Argentina.<\/h2>\n\t\t\t\t\t\t<\/div>\n\t\t\t\t<\/div>\n\t\t<div class=\"elementor-element elementor-element-17acbb6 e-flex e-con-boxed e-con e-child\" data-id=\"17acbb6\" data-element_type=\"container\">\n\t\t\t\t\t<div class=\"e-con-inner\">\n\t\t\t\t<div class=\"elementor-element elementor-element-7a4bcd3 naranja elementor-widget elementor-widget-button\" data-id=\"7a4bcd3\" data-element_type=\"widget\" data-widget_type=\"button.default\">\n\t\t\t\t<div class=\"elementor-widget-container\">\n\t\t\t\t\t<div class=\"elementor-button-wrapper\">\n\t\t\t<a class=\"elementor-button elementor-button-link elementor-size-sm\" href=\"#clases\">\n\t\t\t\t\t\t<span class=\"elementor-button-content-wrapper\">\n\t\t\t\t\t\t\t\t\t<span class=\"elementor-button-text\">Classes<\/span>\n\t\t\t\t\t<\/span>\n\t\t\t\t\t<\/a>\n\t\t<\/div>\n\t\t\t\t<\/div>\n\t\t\t\t<\/div>\n\t\t\t\t<div class=\"elementor-element elementor-element-c8bb814 naranja-linea elementor-widget elementor-widget-button\" data-id=\"c8bb814\" data-element_type=\"widget\" data-widget_type=\"button.default\">\n\t\t\t\t<div class=\"elementor-widget-container\">\n\t\t\t\t\t<div class=\"elementor-button-wrapper\">\n\t\t\t<a class=\"elementor-button elementor-button-link elementor-size-sm\" href=\"#form\">\n\t\t\t\t\t\t<span class=\"elementor-button-content-wrapper\">\n\t\t\t\t\t\t\t\t\t<span class=\"elementor-button-text\">Contact with Laura<\/span>\n\t\t\t\t\t<\/span>\n\t\t\t\t\t<\/a>\n\t\t<\/div>\n\t\t\t\t<\/div>\n\t\t\t\t<\/div>\n\t\t\t\t\t<\/div>\n\t\t\t\t<\/div>\n\t\t\t\t<\/div>\n\t\t<div class=\"elementor-element elementor-element-a0ad9ab e-con-full e-flex e-con e-child\" data-id=\"a0ad9ab\" data-element_type=\"container\">\n\t\t\t\t<div class=\"elementor-element elementor-element-4cc940c img-red elementor-widget elementor-widget-image\" data-id=\"4cc940c\" data-element_type=\"widget\" data-widget_type=\"image.default\">\n\t\t\t\t<div class=\"elementor-widget-container\">\n\t\t\t\t\t\t\t\t\t\t\t\t\t<img fetchpriority=\"high\" decoding=\"async\" width=\"533\" height=\"649\" src=\"https:\/\/flamenconsciente.com\/wp-content\/uploads\/2024\/04\/flamenconsciente-tutora-laura.jpg\" class=\"attachment-full size-full wp-image-48816\" alt=\"\" srcset=\"https:\/\/flamenconsciente.com\/wp-content\/uploads\/2024\/04\/flamenconsciente-tutora-laura.jpg 533w, https:\/\/flamenconsciente.com\/wp-content\/uploads\/2024\/04\/flamenconsciente-tutora-laura-246x300.jpg 246w\" sizes=\"(max-width: 533px) 100vw, 533px\" \/>\t\t\t\t\t\t\t\t\t\t\t\t\t<\/div>\n\t\t\t\t<\/div>\n\t\t\t\t<\/div>\n\t\t\t\t\t<\/div>\n\t\t\t\t<\/div>\n\t\t<div class=\"elementor-element elementor-element-bbf5d18 e-flex e-con-boxed e-con e-parent\" data-id=\"bbf5d18\" data-element_type=\"container\">\n\t\t\t\t\t<div class=\"e-con-inner\">\n\t\t<div class=\"elementor-element elementor-element-ae3f008 e-con-full e-flex e-con e-child\" data-id=\"ae3f008\" data-element_type=\"container\">\n\t\t\t\t<div class=\"elementor-element elementor-element-888c833 img-red elementor-widget elementor-widget-image\" data-id=\"888c833\" data-element_type=\"widget\" data-widget_type=\"image.default\">\n\t\t\t\t<div class=\"elementor-widget-container\">\n\t\t\t\t\t\t\t\t\t\t\t\t\t<img decoding=\"async\" width=\"450\" height=\"320\" src=\"https:\/\/flamenconsciente.com\/wp-content\/uploads\/2024\/04\/flamenconsciente-tutoras-laura-2.jpg\" class=\"attachment-full size-full wp-image-48801\" alt=\"\" srcset=\"https:\/\/flamenconsciente.com\/wp-content\/uploads\/2024\/04\/flamenconsciente-tutoras-laura-2.jpg 450w, https:\/\/flamenconsciente.com\/wp-content\/uploads\/2024\/04\/flamenconsciente-tutoras-laura-2-300x213.jpg 300w\" sizes=\"(max-width: 450px) 100vw, 450px\" \/>\t\t\t\t\t\t\t\t\t\t\t\t\t<\/div>\n\t\t\t\t<\/div>\n\t\t\t\t<\/div>\n\t\t<div class=\"elementor-element elementor-element-7f2546b e-con-full e-flex e-con e-child\" data-id=\"7f2546b\" data-element_type=\"container\">\n\t\t\t\t<div class=\"elementor-element elementor-element-7f2eb55 elementor-widget elementor-widget-heading\" data-id=\"7f2eb55\" data-element_type=\"widget\" data-widget_type=\"heading.default\">\n\t\t\t\t<div class=\"elementor-widget-container\">\n\t\t\t<h2 class=\"elementor-heading-title elementor-size-default\">Career and Dance Training<\/h2>\t\t<\/div>\n\t\t\t\t<\/div>\n\t\t\t\t<div class=\"elementor-element elementor-element-65cd2b6 elementor-widget elementor-widget-text-editor\" data-id=\"65cd2b6\" data-element_type=\"widget\" data-widget_type=\"text-editor.default\">\n\t\t\t\t<div class=\"elementor-widget-container\">\n\t\t\t\t\t\t\t<p><strong>Laura Andrea Pesarini has explored the world of dance since the age of 5, delving into various styles and gymnastics, including Spanish Dance.<\/strong><\/p>\n<p>At 18, while beginning her studies in Architecture in Rosario, she fell in love with flamenco, leading her to dedicate herself exclusively to this discipline.<\/p>\n<p>Her training includes lessons with a renowned teacher in Argentina and seminars taught by Spanish flamenco dancers.<\/p>\n<p>In 2019, she undertook a 2-month training trip to Spain, where she deepened her technique in cities like Madrid, Granada, and Sevilla, discovering a methodology that revolutionized her approach to flamenco.<\/p>\n\t\t\t\t\t\t<\/div>\n\t\t\t\t<\/div>\n\t\t\t\t<\/div>\n\t\t\t\t\t<\/div>\n\t\t\t\t<\/div>\n\t\t<div class=\"elementor-element elementor-element-6318db9 e-flex e-con-boxed e-con e-parent\" data-id=\"6318db9\" data-element_type=\"container\">\n\t\t\t\t\t<div class=\"e-con-inner\">\n\t\t<div class=\"elementor-element elementor-element-eaf2e65 e-con-full e-flex e-con e-child\" data-id=\"eaf2e65\" data-element_type=\"container\">\n\t\t\t\t<div class=\"elementor-element elementor-element-691fa19 elementor-widget elementor-widget-heading\" data-id=\"691fa19\" data-element_type=\"widget\" data-widget_type=\"heading.default\">\n\t\t\t\t<div class=\"elementor-widget-container\">\n\t\t\t<h2 class=\"elementor-heading-title elementor-size-default\">Professional Career as an Educator and Artist<\/h2>\t\t<\/div>\n\t\t\t\t<\/div>\n\t\t\t\t<div class=\"elementor-element elementor-element-2c74981 elementor-widget elementor-widget-text-editor\" data-id=\"2c74981\" data-element_type=\"widget\" data-widget_type=\"text-editor.default\">\n\t\t\t\t<div class=\"elementor-widget-container\">\n\t\t\t\t\t\t\t<p>Upon returning to Argentina, Laura began offering in-person flamenco classes in R\u00edo Grande and Ushuaia, Tierra del Fuego.<\/p>\n<p>Additionally, she has been involved in organizing tablaos and performances with live musicians, enriching the cultural offerings of her region.<\/p>\n<p><strong>In 2020, her career took an academic turn when she started formal studies in Body Awareness Technique, culminating in her current role as FlamenConsciente\u00ae Tutor on the FlamenConsciente\u00ae platform.<\/strong><\/p>\n\t\t\t\t\t\t<\/div>\n\t\t\t\t<\/div>\n\t\t\t\t<\/div>\n\t\t<div class=\"elementor-element elementor-element-f047fb6 e-con-full e-flex e-con e-child\" data-id=\"f047fb6\" data-element_type=\"container\">\n\t\t\t\t<div class=\"elementor-element elementor-element-0243bdb img-red elementor-widget elementor-widget-image\" data-id=\"0243bdb\" data-element_type=\"widget\" data-widget_type=\"image.default\">\n\t\t\t\t<div class=\"elementor-widget-container\">\n\t\t\t\t\t\t\t\t\t\t\t\t\t<img decoding=\"async\" width=\"450\" height=\"320\" src=\"https:\/\/flamenconsciente.com\/wp-content\/uploads\/2024\/04\/flamenconsciente-tutoras-laura-1.jpg\" class=\"attachment-full size-full wp-image-48800\" alt=\"\" srcset=\"https:\/\/flamenconsciente.com\/wp-content\/uploads\/2024\/04\/flamenconsciente-tutoras-laura-1.jpg 450w, https:\/\/flamenconsciente.com\/wp-content\/uploads\/2024\/04\/flamenconsciente-tutoras-laura-1-300x213.jpg 300w\" sizes=\"(max-width: 450px) 100vw, 450px\" \/>\t\t\t\t\t\t\t\t\t\t\t\t\t<\/div>\n\t\t\t\t<\/div>\n\t\t\t\t<\/div>\n\t\t\t\t\t<\/div>\n\t\t\t\t<\/div>\n\t\t<div class=\"elementor-element elementor-element-9c06133 e-flex e-con-boxed e-con e-parent\" data-id=\"9c06133\" data-element_type=\"container\">\n\t\t\t\t\t<div class=\"e-con-inner\">\n\t\t<div class=\"elementor-element elementor-element-2bbde8b e-con-full e-flex e-con e-child\" data-id=\"2bbde8b\" data-element_type=\"container\">\n\t\t\t\t<div class=\"elementor-element elementor-element-bed2941 elementor-widget elementor-widget-heading\" data-id=\"bed2941\" data-element_type=\"widget\" data-widget_type=\"heading.default\">\n\t\t\t\t<div class=\"elementor-widget-container\">\n\t\t\t<h2 class=\"elementor-heading-title elementor-size-default\">My experience with CBT<\/h2>\t\t<\/div>\n\t\t\t\t<\/div>\n\t\t\t\t<div class=\"elementor-element elementor-element-2be22c0 elementor-widget__width-initial elementor-widget elementor-widget-video\" data-id=\"2be22c0\" data-element_type=\"widget\" data-settings=\"{&quot;youtube_url&quot;:&quot;https:\\\/\\\/youtu.be\\\/jmHJJZCK-nM&quot;,&quot;video_type&quot;:&quot;youtube&quot;}\" data-widget_type=\"video.default\">\n\t\t\t\t<div class=\"elementor-widget-container\">\n\t\t\t\t\t<div class=\"elementor-wrapper elementor-open-inline\">\n\t\t\t<div class=\"elementor-video\"><\/div>\t\t<\/div>\n\t\t\t\t<\/div>\n\t\t\t\t<\/div>\n\t\t\t\t<div class=\"elementor-element elementor-element-8f8a023 elementor-widget-divider--view-line elementor-widget elementor-widget-divider\" data-id=\"8f8a023\" data-element_type=\"widget\" id=\"clases\" data-widget_type=\"divider.default\">\n\t\t\t\t<div class=\"elementor-widget-container\">\n\t\t\t\t\t<div class=\"elementor-divider\">\n\t\t\t<span class=\"elementor-divider-separator\">\n\t\t\t\t\t\t<\/span>\n\t\t<\/div>\n\t\t\t\t<\/div>\n\t\t\t\t<\/div>\n\t\t\t\t<\/div>\n\t\t\t\t\t<\/div>\n\t\t\t\t<\/div>\n\t\t<div class=\"elementor-element elementor-element-cae1d6c e-flex e-con-boxed e-con e-parent\" data-id=\"cae1d6c\" data-element_type=\"container\" data-settings=\"{&quot;background_background&quot;:&quot;classic&quot;}\">\n\t\t\t\t\t<div class=\"e-con-inner\">\n\t\t<div class=\"elementor-element elementor-element-b3f5f9f e-flex e-con-boxed e-con e-child\" data-id=\"b3f5f9f\" data-element_type=\"container\" data-settings=\"{&quot;background_background&quot;:&quot;classic&quot;}\">\n\t\t\t\t\t<div class=\"e-con-inner\">\n\t\t<div class=\"elementor-element elementor-element-47bdac7 e-flex e-con-boxed e-con e-child\" data-id=\"47bdac7\" data-element_type=\"container\">\n\t\t\t\t\t<div class=\"e-con-inner\">\n\t\t\t\t<div class=\"elementor-element elementor-element-499b797 h3fake elementor-widget elementor-widget-heading\" data-id=\"499b797\" data-element_type=\"widget\" data-widget_type=\"heading.default\">\n\t\t\t\t<div class=\"elementor-widget-container\">\n\t\t\t<h2 class=\"elementor-heading-title elementor-size-default\">Online FlamenConsciente\u00ae<\/h2>\t\t<\/div>\n\t\t\t\t<\/div>\n\t\t\t\t<div class=\"elementor-element elementor-element-b14ce55 elementor-widget elementor-widget-text-editor\" data-id=\"b14ce55\" data-element_type=\"widget\" data-widget_type=\"text-editor.default\">\n\t\t\t\t<div class=\"elementor-widget-container\">\n\t\t\t\t\t\t\t<p>I will be your tutor on the platform <a href=\"http:\/\/flamenconsciente.com\">flamenconsciente.com<\/a>, accompanying you in any of the possible modalities.<\/p>\n<p>I will be at your disposal to help you bring this unique and unprecedented technique to your body, enabling you to inhabit your dance with confidence and joy. You will learn a method that will allow you to achieve all your dance goals.<\/p>\n\t\t\t\t\t\t<\/div>\n\t\t\t\t<\/div>\n\t\t\t\t\t<\/div>\n\t\t\t\t<\/div>\n\t\t<div class=\"elementor-element elementor-element-28dafd2 e-flex e-con-boxed e-con e-child\" data-id=\"28dafd2\" data-element_type=\"container\">\n\t\t\t\t\t<div class=\"e-con-inner\">\n\t\t\t\t<div class=\"elementor-element elementor-element-c13894b elementor-align-justify naranja-linea elementor-widget elementor-widget-button\" data-id=\"c13894b\" data-element_type=\"widget\" data-widget_type=\"button.default\">\n\t\t\t\t<div class=\"elementor-widget-container\">\n\t\t\t\t\t<div class=\"elementor-button-wrapper\">\n\t\t\t<a class=\"elementor-button elementor-button-link elementor-size-sm\" href=\"#form\">\n\t\t\t\t\t\t<span class=\"elementor-button-content-wrapper\">\n\t\t\t\t\t\t\t\t\t<span class=\"elementor-button-text\">Receive information<\/span>\n\t\t\t\t\t<\/span>\n\t\t\t\t\t<\/a>\n\t\t<\/div>\n\t\t\t\t<\/div>\n\t\t\t\t<\/div>\n\t\t\t\t\t<\/div>\n\t\t\t\t<\/div>\n\t\t\t\t\t<\/div>\n\t\t\t\t<\/div>\n\t\t<div class=\"elementor-element elementor-element-03b8f6c e-flex e-con-boxed e-con e-child\" data-id=\"03b8f6c\" data-element_type=\"container\" data-settings=\"{&quot;background_background&quot;:&quot;classic&quot;}\">\n\t\t\t\t\t<div class=\"e-con-inner\">\n\t\t<div class=\"elementor-element elementor-element-871faa0 e-flex e-con-boxed e-con e-child\" data-id=\"871faa0\" data-element_type=\"container\">\n\t\t\t\t\t<div class=\"e-con-inner\">\n\t\t\t\t<div class=\"elementor-element elementor-element-38fb517 h3fake elementor-widget elementor-widget-heading\" data-id=\"38fb517\" data-element_type=\"widget\" data-widget_type=\"heading.default\">\n\t\t\t\t<div class=\"elementor-widget-container\">\n\t\t\t<h2 class=\"elementor-heading-title elementor-size-default\">Weekly TCC FlamenConsciente\u00ae Classes<\/h2>\t\t<\/div>\n\t\t\t\t<\/div>\n\t\t\t\t<div class=\"elementor-element elementor-element-ddec5ac elementor-widget elementor-widget-text-editor\" data-id=\"ddec5ac\" data-element_type=\"widget\" data-widget_type=\"text-editor.default\">\n\t\t\t\t<div class=\"elementor-widget-container\">\n\t\t\t\t\t\t\t<p>Weekly classes in R\u00edo Grande, Tierra del Fuego.<\/p>\n<p>We will experience CBT in a group setting, although each person will work at their own pace.<\/p>\n<ul>\n<li>1 weekly session of 1 hour and 15 minutes.<\/li>\n<\/ul>\n<p><em>* Support via WhatsApp during the week.<\/em><\/p>\n<p><strong>Mode: group, in-person.<\/strong><\/p>\n<p>You can also participate in the MasterClasses that I occasionally offer in the cities of R\u00edo Grande and Ushuaia.<\/p>\n\t\t\t\t\t\t<\/div>\n\t\t\t\t<\/div>\n\t\t\t\t\t<\/div>\n\t\t\t\t<\/div>\n\t\t<div class=\"elementor-element elementor-element-032b83c e-flex e-con-boxed e-con e-child\" data-id=\"032b83c\" data-element_type=\"container\">\n\t\t\t\t\t<div class=\"e-con-inner\">\n\t\t\t\t<div class=\"elementor-element elementor-element-ffe0d84 elementor-align-justify naranja-linea elementor-widget elementor-widget-button\" data-id=\"ffe0d84\" data-element_type=\"widget\" data-widget_type=\"button.default\">\n\t\t\t\t<div class=\"elementor-widget-container\">\n\t\t\t\t\t<div class=\"elementor-button-wrapper\">\n\t\t\t<a class=\"elementor-button elementor-button-link elementor-size-sm\" href=\"#form\">\n\t\t\t\t\t\t<span class=\"elementor-button-content-wrapper\">\n\t\t\t\t\t\t\t\t\t<span class=\"elementor-button-text\">Receive information<\/span>\n\t\t\t\t\t<\/span>\n\t\t\t\t\t<\/a>\n\t\t<\/div>\n\t\t\t\t<\/div>\n\t\t\t\t<\/div>\n\t\t\t\t\t<\/div>\n\t\t\t\t<\/div>\n\t\t\t\t\t<\/div>\n\t\t\t\t<\/div>\n\t\t\t\t\t<\/div>\n\t\t\t\t<\/div>\n\t\t<div class=\"elementor-element elementor-element-8c57f26 e-flex e-con-boxed e-con e-parent\" data-id=\"8c57f26\" data-element_type=\"container\">\n\t\t\t\t\t<div class=\"e-con-inner\">\n\t\t<div class=\"elementor-element elementor-element-f8cd64a e-flex e-con-boxed e-con e-child\" data-id=\"f8cd64a\" data-element_type=\"container\" data-settings=\"{&quot;background_background&quot;:&quot;classic&quot;}\">\n\t\t\t\t\t<div class=\"e-con-inner\">\n\t\t<div class=\"elementor-element elementor-element-35b9528 e-con-full e-flex e-con e-child\" data-id=\"35b9528\" data-element_type=\"container\">\n\t\t\t\t<div class=\"elementor-element elementor-element-b3cf18f elementor-widget elementor-widget-heading\" data-id=\"b3cf18f\" data-element_type=\"widget\" data-widget_type=\"heading.default\">\n\t\t\t\t<div class=\"elementor-widget-container\">\n\t\t\t<h2 class=\"elementor-heading-title elementor-size-default\">You can participate in in-person flamenco dance classes<\/h2>\t\t<\/div>\n\t\t\t\t<\/div>\n\t\t\t\t<div class=\"elementor-element elementor-element-8baec61 elementor-widget elementor-widget-text-editor\" data-id=\"8baec61\" data-element_type=\"widget\" data-widget_type=\"text-editor.default\">\n\t\t\t\t<div class=\"elementor-widget-container\">\n\t\t\t\t\t\t\t<ul>\n<li><strong>GROUP CLASSES. ALL LEVELS<\/strong>: Regular group classes adapted to your level.<\/li>\n<li><strong>INDIVIDUAL CLASSES<\/strong>: We will work to achieve your specific goals.<\/li>\n<li><strong>TRADITIONAL TECHNIQUE CLASSES<\/strong>: Multilevel group classes to perfect your dance.<\/li>\n<li><strong>BODY AWARENESS TECHNIQUE<\/strong>: Weekly group classes, Master class, 5-week training.<\/li>\n<\/ul>\n\t\t\t\t\t\t<\/div>\n\t\t\t\t<\/div>\n\t\t\t\t<\/div>\n\t\t<div class=\"elementor-element elementor-element-3271e01 e-flex e-con-boxed e-con e-child\" data-id=\"3271e01\" data-element_type=\"container\">\n\t\t\t\t\t<div class=\"e-con-inner\">\n\t\t\t\t<div class=\"elementor-element elementor-element-9112905 elementor-align-right elementor-mobile-align-center lila elementor-widget elementor-widget-button\" data-id=\"9112905\" data-element_type=\"widget\" data-widget_type=\"button.default\">\n\t\t\t\t<div class=\"elementor-widget-container\">\n\t\t\t\t\t<div class=\"elementor-button-wrapper\">\n\t\t\t<a class=\"elementor-button elementor-button-link elementor-size-sm\" href=\"#form\">\n\t\t\t\t\t\t<span class=\"elementor-button-content-wrapper\">\n\t\t\t\t\t\t\t\t\t<span class=\"elementor-button-text\">Receive information<\/span>\n\t\t\t\t\t<\/span>\n\t\t\t\t\t<\/a>\n\t\t<\/div>\n\t\t\t\t<\/div>\n\t\t\t\t<\/div>\n\t\t\t\t\t<\/div>\n\t\t\t\t<\/div>\n\t\t\t\t\t<\/div>\n\t\t\t\t<\/div>\n\t\t\t\t\t<\/div>\n\t\t\t\t<\/div>\n\t\t<div class=\"elementor-element elementor-element-14bf145 e-flex e-con-boxed e-con e-parent\" data-id=\"14bf145\" data-element_type=\"container\" id=\"form\" data-settings=\"{&quot;background_background&quot;:&quot;classic&quot;}\">\n\t\t\t\t\t<div class=\"e-con-inner\">\n\t\t<div class=\"elementor-element elementor-element-d0330c8 e-flex e-con-boxed e-con e-child\" data-id=\"d0330c8\" data-element_type=\"container\" data-settings=\"{&quot;background_background&quot;:&quot;classic&quot;}\">\n\t\t\t\t\t<div class=\"e-con-inner\">\n\t\t<div class=\"elementor-element elementor-element-acd9a0d e-con-full e-flex e-con e-child\" data-id=\"acd9a0d\" data-element_type=\"container\">\n\t\t\t\t<div class=\"elementor-element elementor-element-3ff3f08 h3fake elementor-widget elementor-widget-heading\" data-id=\"3ff3f08\" data-element_type=\"widget\" data-widget_type=\"heading.default\">\n\t\t\t\t<div class=\"elementor-widget-container\">\n\t\t\t<p class=\"elementor-heading-title elementor-size-default\">Do you have any questions? I can help you!<\/p>\t\t<\/div>\n\t\t\t\t<\/div>\n\t\t\t\t<div class=\"elementor-element elementor-element-8d2f2c3 psmall elementor-widget elementor-widget-text-editor\" data-id=\"8d2f2c3\" data-element_type=\"widget\" data-widget_type=\"text-editor.default\">\n\t\t\t\t<div class=\"elementor-widget-container\">\n\t\t\t\t\t\t\t<p>Estoy aqu\u00ed para ayudarte a descubrir el poder transformador del flamenco. Contacta conmigo para m\u00e1s informaci\u00f3n sobre clases o talleres personalizados.<\/p>\n<p>\u00a1Tu viaje hacia el autoconocimiento a trav\u00e9s del flamenco puede comenzar hoy!<\/p>\n<p>Si lo prefieres, puedes contactarme directamente de otras formas:<\/p>\n<ul>\n<li><img loading=\"lazy\" decoding=\"async\" class=\"alignnone size-full wp-image-48133\" src=\"https:\/\/flamenconsciente.com\/wp-content\/uploads\/2024\/04\/icon-flamenconsciente-whatsapp.png\" alt=\"whatsapp \" width=\"16\" height=\"22\" \/>\u00a0<a href=\"https:\/\/wa.me\/5492964406138\" target=\"_blank\" rel=\"noopener\">Escribir al Whatsapp \u2192<\/a><\/li>\n<li><img decoding=\"async\" class=\"emoji\" role=\"img\" draggable=\"false\" src=\"https:\/\/s.w.org\/images\/core\/emoji\/15.0.3\/svg\/1f4f1.svg\" alt=\"\ud83d\udcf1\" \/> <a href=\"https:\/\/t.me\/+542964406138\">Escribir a Telegram \u2192<\/a><\/li>\n<\/ul>\n\t\t\t\t\t\t<\/div>\n\t\t\t\t<\/div>\n\t\t\t\t<\/div>\n\t\t<div class=\"elementor-element elementor-element-d2c20ac e-flex e-con-boxed e-con e-child\" data-id=\"d2c20ac\" data-element_type=\"container\">\n\t\t\t\t\t<div class=\"e-con-inner\">\n\t\t\t\t<div class=\"elementor-element elementor-element-cf35bd2 elementor-widget elementor-widget-shortcode\" data-id=\"cf35bd2\" data-element_type=\"widget\" data-widget_type=\"shortcode.default\">\n\t\t\t\t<div class=\"elementor-widget-container\">\n\t\t\t\t\t<div class=\"elementor-shortcode\"><p class=\"wpcf7-contact-form-not-found\"><strong>Error:<\/strong> Contact form not found.<\/p><\/div>\n\t\t\t\t<\/div>\n\t\t\t\t<\/div>\n\t\t\t\t\t<\/div>\n\t\t\t\t<\/div>\n\t\t\t\t\t<\/div>\n\t\t\t\t<\/div>\n\t\t\t\t\t<\/div>\n\t\t\t\t<\/div>\n\t\t\t\t<\/div>\n\t\t","protected":false},"excerpt":{"rendered":"<p>Laura Pesarini \u2192 Formadora TCC-Acreditada y Tutora Flamenconsciente\u00ae.\u2192 Bailaora y directora de Luna Roja Centro homologado FlamenConsciente\u00ae en Argentina. &#8220;Gracias [&hellip;]<\/p>\n","protected":false},"author":416,"featured_media":0,"parent":0,"menu_order":0,"comment_status":"closed","ping_status":"closed","template":"","meta":{"site-sidebar-layout":"no-sidebar","site-content-layout":"","ast-site-content-layout":"full-width-container","site-content-style":"default","site-sidebar-style":"default","ast-global-header-display":"","ast-banner-title-visibility":"","ast-main-header-display":"","ast-hfb-above-header-display":"","ast-hfb-below-header-display":"","ast-hfb-mobile-header-display":"","site-post-title":"disabled","ast-breadcrumbs-content":"","ast-featured-img":"disabled","footer-sml-layout":"","theme-transparent-header-meta":"","adv-header-id-meta":"","stick-header-meta":"","header-above-stick-meta":"","header-main-stick-meta":"","header-below-stick-meta":"","astra-migrate-meta-layouts":"default","ast-page-background-enabled":"default","ast-page-background-meta":{"desktop":{"background-color":"var(--ast-global-color-4)","background-image":"","background-repeat":"repeat","background-position":"center center","background-size":"auto","background-attachment":"scroll","background-type":"","background-media":"","overlay-type":"","overlay-color":"","overlay-opacity":"","overlay-gradient":""},"tablet":{"background-color":"","background-image":"","background-repeat":"repeat","background-position":"center center","background-size":"auto","background-attachment":"scroll","background-type":"","background-media":"","overlay-type":"","overlay-color":"","overlay-opacity":"","overlay-gradient":""},"mobile":{"background-color":"","background-image":"","background-repeat":"repeat","background-position":"center center","background-size":"auto","background-attachment":"scroll","background-type":"","background-media":"","overlay-type":"","overlay-color":"","overlay-opacity":"","overlay-gradient":""}},"ast-content-background-meta":{"desktop":{"background-color":"var(--ast-global-color-5)","background-image":"","background-repeat":"repeat","background-position":"center center","background-size":"auto","background-attachment":"scroll","background-type":"","background-media":"","overlay-type":"","overlay-color":"","overlay-opacity":"","overlay-gradient":""},"tablet":{"background-color":"var(--ast-global-color-5)","background-image":"","background-repeat":"repeat","background-position":"center center","background-size":"auto","background-attachment":"scroll","background-type":"","background-media":"","overlay-type":"","overlay-color":"","overlay-opacity":"","overlay-gradient":""},"mobile":{"background-color":"var(--ast-global-color-5)","background-image":"","background-repeat":"repeat","background-position":"center center","background-size":"auto","background-attachment":"scroll","background-type":"","background-media":"","overlay-type":"","overlay-color":"","overlay-opacity":"","overlay-gradient":""}},"_joinchat":[],"footnotes":""},"class_list":["post-49958","page","type-page","status-publish","hentry"],"_links":{"self":[{"href":"https:\/\/flamenconsciente.com\/en\/wp-json\/wp\/v2\/pages\/49958","targetHints":{"allow":["GET"]}}],"collection":[{"href":"https:\/\/flamenconsciente.com\/en\/wp-json\/wp\/v2\/pages"}],"about":[{"href":"https:\/\/flamenconsciente.com\/en\/wp-json\/wp\/v2\/types\/page"}],"author":[{"embeddable":true,"href":"https:\/\/flamenconsciente.com\/en\/wp-json\/wp\/v2\/users\/416"}],"replies":[{"embeddable":true,"href":"https:\/\/flamenconsciente.com\/en\/wp-json\/wp\/v2\/comments?post=49958"}],"version-history":[{"count":1,"href":"https:\/\/flamenconsciente.com\/en\/wp-json\/wp\/v2\/pages\/49958\/revisions"}],"predecessor-version":[{"id":49961,"href":"https:\/\/flamenconsciente.com\/en\/wp-json\/wp\/v2\/pages\/49958\/revisions\/49961"}],"wp:attachment":[{"href":"https:\/\/flamenconsciente.com\/en\/wp-json\/wp\/v2\/media?parent=49958"}],"curies":[{"name":"wp","href":"https:\/\/api.w.org\/{rel}","templated":true}]}}