{"id":49949,"date":"2024-04-29T11:32:04","date_gmt":"2024-04-29T11:32:04","guid":{"rendered":"https:\/\/flamenconsciente.com\/maru-rey-rosa\/"},"modified":"2024-05-22T09:03:36","modified_gmt":"2024-05-22T09:03:36","slug":"maru-rey-rosa","status":"publish","type":"page","link":"https:\/\/flamenconsciente.com\/en\/maru-rey-rosa\/","title":{"rendered":"Maru Rey Rosa"},"content":{"rendered":"\t\t<div data-elementor-type=\"wp-page\" data-elementor-id=\"49949\" class=\"elementor elementor-49949 elementor-48720\">\n\t\t\t\t<div class=\"elementor-element elementor-element-2f89800 e-flex e-con-boxed e-con e-parent\" data-id=\"2f89800\" data-element_type=\"container\">\n\t\t\t\t\t<div class=\"e-con-inner\">\n\t\t<div class=\"elementor-element elementor-element-a4048bf e-con-full e-flex e-con e-child\" data-id=\"a4048bf\" data-element_type=\"container\">\n\t\t\t\t<div class=\"elementor-element elementor-element-73f423f elementor-widget elementor-widget-heading\" data-id=\"73f423f\" data-element_type=\"widget\" data-widget_type=\"heading.default\">\n\t\t\t\t<div class=\"elementor-widget-container\">\n\t\t\t<h1 class=\"elementor-heading-title elementor-size-default\">Maru Rey Rosa<\/h1>\t\t<\/div>\n\t\t\t\t<\/div>\n\t\t\t\t<div class=\"elementor-element elementor-element-f4190f8 h3fake elementor-widget elementor-widget-text-editor\" data-id=\"f4190f8\" data-element_type=\"widget\" data-widget_type=\"text-editor.default\">\n\t\t\t\t<div class=\"elementor-widget-container\">\n\t\t\t\t\t\t\t<p><em>&#8220;This training meant a before and after in my flamenco dance. I would like other people passionate about flamenco to experience the benefits of this method.&#8221;<\/em><\/p>\n\t\t\t\t\t\t<\/div>\n\t\t\t\t<\/div>\n\t\t\t\t<div class=\"elementor-element elementor-element-4208bf2 pfake elementor-widget elementor-widget-text-editor\" data-id=\"4208bf2\" data-element_type=\"widget\" data-widget_type=\"text-editor.default\">\n\t\t\t\t<div class=\"elementor-widget-container\">\n\t\t\t\t\t\t\t<h2 style=\"text-align: left;\">\u2192 Accredited TCC Trainer and Flamenconsciente\u00ae Tutor.<br \/>\u2192 Conscious Body Technique for flamenco dance and Life.<\/h2>\n\t\t\t\t\t\t<\/div>\n\t\t\t\t<\/div>\n\t\t<div class=\"elementor-element elementor-element-5b0cac3 e-flex e-con-boxed e-con e-child\" data-id=\"5b0cac3\" data-element_type=\"container\">\n\t\t\t\t\t<div class=\"e-con-inner\">\n\t\t\t\t<div class=\"elementor-element elementor-element-c065ba3 naranja elementor-widget elementor-widget-button\" data-id=\"c065ba3\" data-element_type=\"widget\" data-widget_type=\"button.default\">\n\t\t\t\t<div class=\"elementor-widget-container\">\n\t\t\t\t\t<div class=\"elementor-button-wrapper\">\n\t\t\t<a class=\"elementor-button elementor-button-link elementor-size-sm\" href=\"#clases\">\n\t\t\t\t\t\t<span class=\"elementor-button-content-wrapper\">\n\t\t\t\t\t\t\t\t\t<span class=\"elementor-button-text\">Classes<\/span>\n\t\t\t\t\t<\/span>\n\t\t\t\t\t<\/a>\n\t\t<\/div>\n\t\t\t\t<\/div>\n\t\t\t\t<\/div>\n\t\t\t\t<div class=\"elementor-element elementor-element-16e6ad1 naranja-linea elementor-widget elementor-widget-button\" data-id=\"16e6ad1\" data-element_type=\"widget\" data-widget_type=\"button.default\">\n\t\t\t\t<div class=\"elementor-widget-container\">\n\t\t\t\t\t<div class=\"elementor-button-wrapper\">\n\t\t\t<a class=\"elementor-button elementor-button-link elementor-size-sm\" href=\"#form\">\n\t\t\t\t\t\t<span class=\"elementor-button-content-wrapper\">\n\t\t\t\t\t\t\t\t\t<span class=\"elementor-button-text\">Contact Maru<\/span>\n\t\t\t\t\t<\/span>\n\t\t\t\t\t<\/a>\n\t\t<\/div>\n\t\t\t\t<\/div>\n\t\t\t\t<\/div>\n\t\t\t\t\t<\/div>\n\t\t\t\t<\/div>\n\t\t\t\t<\/div>\n\t\t<div class=\"elementor-element elementor-element-8395586 e-con-full e-flex e-con e-child\" data-id=\"8395586\" data-element_type=\"container\">\n\t\t\t\t<div class=\"elementor-element elementor-element-1074fec img-red elementor-widget elementor-widget-image\" data-id=\"1074fec\" data-element_type=\"widget\" data-widget_type=\"image.default\">\n\t\t\t\t<div class=\"elementor-widget-container\">\n\t\t\t\t\t\t\t\t\t\t\t\t\t<img fetchpriority=\"high\" decoding=\"async\" width=\"533\" height=\"649\" src=\"https:\/\/flamenconsciente.com\/wp-content\/uploads\/2024\/04\/flamenconsciente-tutora-maru.jpg\" class=\"attachment-full size-full wp-image-48815\" alt=\"\" srcset=\"https:\/\/flamenconsciente.com\/wp-content\/uploads\/2024\/04\/flamenconsciente-tutora-maru.jpg 533w, https:\/\/flamenconsciente.com\/wp-content\/uploads\/2024\/04\/flamenconsciente-tutora-maru-246x300.jpg 246w\" sizes=\"(max-width: 533px) 100vw, 533px\" \/>\t\t\t\t\t\t\t\t\t\t\t\t\t<\/div>\n\t\t\t\t<\/div>\n\t\t\t\t<\/div>\n\t\t\t\t\t<\/div>\n\t\t\t\t<\/div>\n\t\t<div class=\"elementor-element elementor-element-5f10900 e-flex e-con-boxed e-con e-parent\" data-id=\"5f10900\" data-element_type=\"container\">\n\t\t\t\t\t<div class=\"e-con-inner\">\n\t\t<div class=\"elementor-element elementor-element-d027f38 e-con-full e-flex e-con e-child\" data-id=\"d027f38\" data-element_type=\"container\">\n\t\t\t\t<div class=\"elementor-element elementor-element-3a1afb6 img-red elementor-widget elementor-widget-image\" data-id=\"3a1afb6\" data-element_type=\"widget\" data-widget_type=\"image.default\">\n\t\t\t\t<div class=\"elementor-widget-container\">\n\t\t\t\t\t\t\t\t\t\t\t\t\t<img decoding=\"async\" width=\"450\" height=\"320\" src=\"https:\/\/flamenconsciente.com\/wp-content\/uploads\/2024\/04\/flamenconsciente-tutoras-maru-2.jpg\" class=\"attachment-full size-full wp-image-48797\" alt=\"\" srcset=\"https:\/\/flamenconsciente.com\/wp-content\/uploads\/2024\/04\/flamenconsciente-tutoras-maru-2.jpg 450w, https:\/\/flamenconsciente.com\/wp-content\/uploads\/2024\/04\/flamenconsciente-tutoras-maru-2-300x213.jpg 300w\" sizes=\"(max-width: 450px) 100vw, 450px\" \/>\t\t\t\t\t\t\t\t\t\t\t\t\t<\/div>\n\t\t\t\t<\/div>\n\t\t\t\t<\/div>\n\t\t<div class=\"elementor-element elementor-element-51feed7 e-con-full e-flex e-con e-child\" data-id=\"51feed7\" data-element_type=\"container\">\n\t\t\t\t<div class=\"elementor-element elementor-element-d2b58f7 elementor-widget elementor-widget-heading\" data-id=\"d2b58f7\" data-element_type=\"widget\" data-widget_type=\"heading.default\">\n\t\t\t\t<div class=\"elementor-widget-container\">\n\t\t\t<h2 class=\"elementor-heading-title elementor-size-default\">Beginnings and Development in Flamenco<\/h2>\t\t<\/div>\n\t\t\t\t<\/div>\n\t\t\t\t<div class=\"elementor-element elementor-element-3ee70b7 elementor-widget elementor-widget-text-editor\" data-id=\"3ee70b7\" data-element_type=\"widget\" data-widget_type=\"text-editor.default\">\n\t\t\t\t<div class=\"elementor-widget-container\">\n\t\t\t\t\t\t\t<p>Maru discovered her passion for flamenco at the age of 9, when, influenced by her grandmother and after attending a performance at the National Theater of the Mary Farrington Flamenco Academy, her mother enrolled her in dance classes.<\/p>\n<p><strong>Her journey in flamenco has been extensive, spanning over thirty years with several necessary pauses due to personal, academic, and professional commitments.<\/strong><\/p>\n<p>Her training deepened for eight years at the Liesel de la Pe\u00f1a Flamenco School and continued with workshops taught by renowned masters such as Adela Campallo and Juan Polvillo.<\/p>\n\t\t\t\t\t\t<\/div>\n\t\t\t\t<\/div>\n\t\t\t\t<\/div>\n\t\t\t\t\t<\/div>\n\t\t\t\t<\/div>\n\t\t<div class=\"elementor-element elementor-element-4db445d e-flex e-con-boxed e-con e-parent\" data-id=\"4db445d\" data-element_type=\"container\">\n\t\t\t\t\t<div class=\"e-con-inner\">\n\t\t<div class=\"elementor-element elementor-element-ee31ec7 e-con-full e-flex e-con e-child\" data-id=\"ee31ec7\" data-element_type=\"container\">\n\t\t\t\t<div class=\"elementor-element elementor-element-1b4dcd7 elementor-widget elementor-widget-heading\" data-id=\"1b4dcd7\" data-element_type=\"widget\" data-widget_type=\"heading.default\">\n\t\t\t\t<div class=\"elementor-widget-container\">\n\t\t\t<h2 class=\"elementor-heading-title elementor-size-default\">\"Certification and Professional Commitment\"<\/h2>\t\t<\/div>\n\t\t\t\t<\/div>\n\t\t\t\t<div class=\"elementor-element elementor-element-6560672 elementor-widget elementor-widget-text-editor\" data-id=\"6560672\" data-element_type=\"widget\" data-widget_type=\"text-editor.default\">\n\t\t\t\t<div class=\"elementor-widget-container\">\n\t\t\t\t\t\t\t<p>During the pandemic, Maru discovered the Flamenconsciente\u00ae method and trained online for 18 months, culminating in a six-month Practicum that ended in December 2022. She received her certification as a tutor of the method directly from India in Seville.<\/p>\n<p>Currently, she continues her education at the Ol\u00e9 Escuela de Flamenco in Guatemala and participates in the Flamenco Workshop at Rafael Land\u00edvar University.<\/p>\n<p>Her goal is to use her vast experience and acquired resources to help other flamenco enthusiasts find in this dance a source of learning, joy, health, well-being, and creativity.<\/p>\n\t\t\t\t\t\t<\/div>\n\t\t\t\t<\/div>\n\t\t\t\t<\/div>\n\t\t<div class=\"elementor-element elementor-element-bfc6078 e-con-full e-flex e-con e-child\" data-id=\"bfc6078\" data-element_type=\"container\">\n\t\t\t\t<div class=\"elementor-element elementor-element-8fe0d4a img-red elementor-widget elementor-widget-image\" data-id=\"8fe0d4a\" data-element_type=\"widget\" data-widget_type=\"image.default\">\n\t\t\t\t<div class=\"elementor-widget-container\">\n\t\t\t\t\t\t\t\t\t\t\t\t\t<img decoding=\"async\" width=\"450\" height=\"320\" src=\"https:\/\/flamenconsciente.com\/wp-content\/uploads\/2024\/04\/flamenconsciente-tutoras-maru-1.jpg\" class=\"attachment-full size-full wp-image-48796\" alt=\"\" srcset=\"https:\/\/flamenconsciente.com\/wp-content\/uploads\/2024\/04\/flamenconsciente-tutoras-maru-1.jpg 450w, https:\/\/flamenconsciente.com\/wp-content\/uploads\/2024\/04\/flamenconsciente-tutoras-maru-1-300x213.jpg 300w\" sizes=\"(max-width: 450px) 100vw, 450px\" \/>\t\t\t\t\t\t\t\t\t\t\t\t\t<\/div>\n\t\t\t\t<\/div>\n\t\t\t\t<\/div>\n\t\t\t\t\t<\/div>\n\t\t\t\t<\/div>\n\t\t<div class=\"elementor-element elementor-element-60e3441 e-flex e-con-boxed e-con e-parent\" data-id=\"60e3441\" data-element_type=\"container\">\n\t\t\t\t\t<div class=\"e-con-inner\">\n\t\t<div class=\"elementor-element elementor-element-3f6aa67 e-con-full e-flex e-con e-child\" data-id=\"3f6aa67\" data-element_type=\"container\">\n\t\t\t\t<div class=\"elementor-element elementor-element-c95bb12 elementor-widget elementor-widget-heading\" data-id=\"c95bb12\" data-element_type=\"widget\" data-widget_type=\"heading.default\">\n\t\t\t\t<div class=\"elementor-widget-container\">\n\t\t\t<h2 class=\"elementor-heading-title elementor-size-default\">My experience with CBT<\/h2>\t\t<\/div>\n\t\t\t\t<\/div>\n\t\t\t\t<div class=\"elementor-element elementor-element-e693ce2 elementor-widget__width-initial elementor-widget elementor-widget-video\" data-id=\"e693ce2\" data-element_type=\"widget\" data-settings=\"{&quot;youtube_url&quot;:&quot;https:\\\/\\\/youtu.be\\\/8wWqzKq1A70&quot;,&quot;video_type&quot;:&quot;youtube&quot;}\" data-widget_type=\"video.default\">\n\t\t\t\t<div class=\"elementor-widget-container\">\n\t\t\t\t\t<div class=\"elementor-wrapper elementor-open-inline\">\n\t\t\t<div class=\"elementor-video\"><\/div>\t\t<\/div>\n\t\t\t\t<\/div>\n\t\t\t\t<\/div>\n\t\t\t\t<div class=\"elementor-element elementor-element-adc15f6 elementor-widget-divider--view-line elementor-widget elementor-widget-divider\" data-id=\"adc15f6\" data-element_type=\"widget\" id=\"clases\" data-widget_type=\"divider.default\">\n\t\t\t\t<div class=\"elementor-widget-container\">\n\t\t\t\t\t<div class=\"elementor-divider\">\n\t\t\t<span class=\"elementor-divider-separator\">\n\t\t\t\t\t\t<\/span>\n\t\t<\/div>\n\t\t\t\t<\/div>\n\t\t\t\t<\/div>\n\t\t\t\t<\/div>\n\t\t\t\t\t<\/div>\n\t\t\t\t<\/div>\n\t\t<div class=\"elementor-element elementor-element-dc3b59b e-flex e-con-boxed e-con e-parent\" data-id=\"dc3b59b\" data-element_type=\"container\" data-settings=\"{&quot;background_background&quot;:&quot;classic&quot;}\">\n\t\t\t\t\t<div class=\"e-con-inner\">\n\t\t<div class=\"elementor-element elementor-element-ef0879a e-flex e-con-boxed e-con e-child\" data-id=\"ef0879a\" data-element_type=\"container\" data-settings=\"{&quot;background_background&quot;:&quot;classic&quot;}\">\n\t\t\t\t\t<div class=\"e-con-inner\">\n\t\t<div class=\"elementor-element elementor-element-3472700 e-flex e-con-boxed e-con e-child\" data-id=\"3472700\" data-element_type=\"container\">\n\t\t\t\t\t<div class=\"e-con-inner\">\n\t\t\t\t<div class=\"elementor-element elementor-element-c248a03 h3fake elementor-widget elementor-widget-heading\" data-id=\"c248a03\" data-element_type=\"widget\" data-widget_type=\"heading.default\">\n\t\t\t\t<div class=\"elementor-widget-container\">\n\t\t\t<h2 class=\"elementor-heading-title elementor-size-default\">TCC FlamenConsciente\u00ae Online<\/h2>\t\t<\/div>\n\t\t\t\t<\/div>\n\t\t\t\t<div class=\"elementor-element elementor-element-95ac76c elementor-widget elementor-widget-text-editor\" data-id=\"95ac76c\" data-element_type=\"widget\" data-widget_type=\"text-editor.default\">\n\t\t\t\t<div class=\"elementor-widget-container\">\n\t\t\t\t\t\t\t<p>I will be your tutor on the platform flamenconsciente.com while you consciously study the tutorials of this technique for flamenco dance and life. I will share my experience and accompany you in a respectful, loving, and patient manner so that you can integrate this technique into your dance and express yourself with authenticity and joy.<\/p>\n\t\t\t\t\t\t<\/div>\n\t\t\t\t<\/div>\n\t\t\t\t\t<\/div>\n\t\t\t\t<\/div>\n\t\t<div class=\"elementor-element elementor-element-19cba29 e-flex e-con-boxed e-con e-child\" data-id=\"19cba29\" data-element_type=\"container\">\n\t\t\t\t\t<div class=\"e-con-inner\">\n\t\t\t\t<div class=\"elementor-element elementor-element-7fda7fe elementor-align-justify naranja-linea elementor-widget elementor-widget-button\" data-id=\"7fda7fe\" data-element_type=\"widget\" data-widget_type=\"button.default\">\n\t\t\t\t<div class=\"elementor-widget-container\">\n\t\t\t\t\t<div class=\"elementor-button-wrapper\">\n\t\t\t<a class=\"elementor-button elementor-button-link elementor-size-sm\" href=\"#form\">\n\t\t\t\t\t\t<span class=\"elementor-button-content-wrapper\">\n\t\t\t\t\t\t\t\t\t<span class=\"elementor-button-text\">Receive information<\/span>\n\t\t\t\t\t<\/span>\n\t\t\t\t\t<\/a>\n\t\t<\/div>\n\t\t\t\t<\/div>\n\t\t\t\t<\/div>\n\t\t\t\t\t<\/div>\n\t\t\t\t<\/div>\n\t\t\t\t\t<\/div>\n\t\t\t\t<\/div>\n\t\t<div class=\"elementor-element elementor-element-313588a e-flex e-con-boxed e-con e-child\" data-id=\"313588a\" data-element_type=\"container\" data-settings=\"{&quot;background_background&quot;:&quot;classic&quot;}\">\n\t\t\t\t\t<div class=\"e-con-inner\">\n\t\t<div class=\"elementor-element elementor-element-2a6266c e-flex e-con-boxed e-con e-child\" data-id=\"2a6266c\" data-element_type=\"container\">\n\t\t\t\t\t<div class=\"e-con-inner\">\n\t\t\t\t<div class=\"elementor-element elementor-element-4f70cea h3fake elementor-widget elementor-widget-heading\" data-id=\"4f70cea\" data-element_type=\"widget\" data-widget_type=\"heading.default\">\n\t\t\t\t<div class=\"elementor-widget-container\">\n\t\t\t<h2 class=\"elementor-heading-title elementor-size-default\">Masterclass \"Introduction to CBT\"<\/h2>\t\t<\/div>\n\t\t\t\t<\/div>\n\t\t\t\t<div class=\"elementor-element elementor-element-4007a64 elementor-widget elementor-widget-text-editor\" data-id=\"4007a64\" data-element_type=\"widget\" data-widget_type=\"text-editor.default\">\n\t\t\t\t<div class=\"elementor-widget-container\">\n\t\t\t\t\t\t\t<p>During the Masterclass, I will guide you for two hours, during which we will go through the main Modules and exercises of this Methodology together. We will conclude with a Tango routine so that you can experience the benefits of each movement in your dance.<\/p>\n\t\t\t\t\t\t<\/div>\n\t\t\t\t<\/div>\n\t\t\t\t\t<\/div>\n\t\t\t\t<\/div>\n\t\t<div class=\"elementor-element elementor-element-b072644 e-flex e-con-boxed e-con e-child\" data-id=\"b072644\" data-element_type=\"container\">\n\t\t\t\t\t<div class=\"e-con-inner\">\n\t\t\t\t<div class=\"elementor-element elementor-element-b026bdd elementor-align-justify naranja-linea elementor-widget elementor-widget-button\" data-id=\"b026bdd\" data-element_type=\"widget\" data-widget_type=\"button.default\">\n\t\t\t\t<div class=\"elementor-widget-container\">\n\t\t\t\t\t<div class=\"elementor-button-wrapper\">\n\t\t\t<a class=\"elementor-button elementor-button-link elementor-size-sm\" href=\"#form\">\n\t\t\t\t\t\t<span class=\"elementor-button-content-wrapper\">\n\t\t\t\t\t\t\t\t\t<span class=\"elementor-button-text\">Receive information<\/span>\n\t\t\t\t\t<\/span>\n\t\t\t\t\t<\/a>\n\t\t<\/div>\n\t\t\t\t<\/div>\n\t\t\t\t<\/div>\n\t\t\t\t\t<\/div>\n\t\t\t\t<\/div>\n\t\t\t\t\t<\/div>\n\t\t\t\t<\/div>\n\t\t\t\t\t<\/div>\n\t\t\t\t<\/div>\n\t\t<div class=\"elementor-element elementor-element-b34caff e-flex e-con-boxed e-con e-parent\" data-id=\"b34caff\" data-element_type=\"container\" id=\"form\" data-settings=\"{&quot;background_background&quot;:&quot;classic&quot;}\">\n\t\t\t\t\t<div class=\"e-con-inner\">\n\t\t<div class=\"elementor-element elementor-element-f3c1e4b e-flex e-con-boxed e-con e-child\" data-id=\"f3c1e4b\" data-element_type=\"container\" data-settings=\"{&quot;background_background&quot;:&quot;classic&quot;}\">\n\t\t\t\t\t<div class=\"e-con-inner\">\n\t\t<div class=\"elementor-element elementor-element-0d1b0a9 e-con-full e-flex e-con e-child\" data-id=\"0d1b0a9\" data-element_type=\"container\">\n\t\t\t\t<div class=\"elementor-element elementor-element-3c82cb8 h3fake elementor-widget elementor-widget-heading\" data-id=\"3c82cb8\" data-element_type=\"widget\" data-widget_type=\"heading.default\">\n\t\t\t\t<div class=\"elementor-widget-container\">\n\t\t\t<p class=\"elementor-heading-title elementor-size-default\">Do you have any questions? I can help you!<\/p>\t\t<\/div>\n\t\t\t\t<\/div>\n\t\t\t\t<div class=\"elementor-element elementor-element-e1c96f1 psmall elementor-widget elementor-widget-text-editor\" data-id=\"e1c96f1\" data-element_type=\"widget\" data-widget_type=\"text-editor.default\">\n\t\t\t\t<div class=\"elementor-widget-container\">\n\t\t\t\t\t\t\tEstoy aqu\u00ed para ayudarte a descubrir el poder transformador del flamenco. Contacta conmigo para m\u00e1s informaci\u00f3n sobre clases o talleres personalizados.\n\n\u00a1Tu viaje hacia el autoconocimiento a trav\u00e9s del flamenco puede comenzar hoy!\n\nSi lo prefieres, puedes contactarme directamente de otras formas:\n<ul>\n \t<li><img loading=\"lazy\" decoding=\"async\" class=\"alignnone size-full wp-image-48133\" src=\"https:\/\/flamenconsciente.com\/wp-content\/uploads\/2024\/04\/icon-flamenconsciente-whatsapp.png\" alt=\"whatsapp \" width=\"16\" height=\"22\" \/>\u00a0<a href=\"https:\/\/wa.me\/50252003113\" target=\"_blank\" rel=\"noopener\">Escribir al Whatsapp \u2192<\/a><\/li>\n \t<li><img decoding=\"async\" class=\"emoji\" role=\"img\" draggable=\"false\" src=\"https:\/\/s.w.org\/images\/core\/emoji\/15.0.3\/svg\/1f4f1.svg\" alt=\"\ud83d\udcf1\" \/> <a href=\"https:\/\/t.me\/+50252003113\">Escribir a Telegram \u2192<\/a><\/li>\n<\/ul>\t\t\t\t\t\t<\/div>\n\t\t\t\t<\/div>\n\t\t\t\t<\/div>\n\t\t<div class=\"elementor-element elementor-element-a68c4f8 e-flex e-con-boxed e-con e-child\" data-id=\"a68c4f8\" data-element_type=\"container\">\n\t\t\t\t\t<div class=\"e-con-inner\">\n\t\t\t\t<div class=\"elementor-element elementor-element-810678f elementor-widget elementor-widget-shortcode\" data-id=\"810678f\" data-element_type=\"widget\" data-widget_type=\"shortcode.default\">\n\t\t\t\t<div class=\"elementor-widget-container\">\n\t\t\t\t\t<div class=\"elementor-shortcode\"><p class=\"wpcf7-contact-form-not-found\"><strong>Error:<\/strong> Contact form not found.<\/p><\/div>\n\t\t\t\t<\/div>\n\t\t\t\t<\/div>\n\t\t\t\t\t<\/div>\n\t\t\t\t<\/div>\n\t\t\t\t\t<\/div>\n\t\t\t\t<\/div>\n\t\t\t\t\t<\/div>\n\t\t\t\t<\/div>\n\t\t\t\t<\/div>\n\t\t","protected":false},"excerpt":{"rendered":"<p>Maru Rey Rosa &#8220;Esta formaci\u00f3n signific\u00f3 un antes y un despu\u00e9s en mi baile flamenco.\u00a0Me gustar\u00eda que otras personas apasionadas [&hellip;]<\/p>\n","protected":false},"author":416,"featured_media":0,"parent":0,"menu_order":0,"comment_status":"closed","ping_status":"closed","template":"","meta":{"site-sidebar-layout":"no-sidebar","site-content-layout":"","ast-site-content-layout":"full-width-container","site-content-style":"default","site-sidebar-style":"default","ast-global-header-display":"","ast-banner-title-visibility":"","ast-main-header-display":"","ast-hfb-above-header-display":"","ast-hfb-below-header-display":"","ast-hfb-mobile-header-display":"","site-post-title":"disabled","ast-breadcrumbs-content":"","ast-featured-img":"disabled","footer-sml-layout":"","theme-transparent-header-meta":"","adv-header-id-meta":"","stick-header-meta":"","header-above-stick-meta":"","header-main-stick-meta":"","header-below-stick-meta":"","astra-migrate-meta-layouts":"default","ast-page-background-enabled":"default","ast-page-background-meta":{"desktop":{"background-color":"var(--ast-global-color-4)","background-image":"","background-repeat":"repeat","background-position":"center center","background-size":"auto","background-attachment":"scroll","background-type":"","background-media":"","overlay-type":"","overlay-color":"","overlay-opacity":"","overlay-gradient":""},"tablet":{"background-color":"","background-image":"","background-repeat":"repeat","background-position":"center center","background-size":"auto","background-attachment":"scroll","background-type":"","background-media":"","overlay-type":"","overlay-color":"","overlay-opacity":"","overlay-gradient":""},"mobile":{"background-color":"","background-image":"","background-repeat":"repeat","background-position":"center center","background-size":"auto","background-attachment":"scroll","background-type":"","background-media":"","overlay-type":"","overlay-color":"","overlay-opacity":"","overlay-gradient":""}},"ast-content-background-meta":{"desktop":{"background-color":"var(--ast-global-color-5)","background-image":"","background-repeat":"repeat","background-position":"center center","background-size":"auto","background-attachment":"scroll","background-type":"","background-media":"","overlay-type":"","overlay-color":"","overlay-opacity":"","overlay-gradient":""},"tablet":{"background-color":"var(--ast-global-color-5)","background-image":"","background-repeat":"repeat","background-position":"center center","background-size":"auto","background-attachment":"scroll","background-type":"","background-media":"","overlay-type":"","overlay-color":"","overlay-opacity":"","overlay-gradient":""},"mobile":{"background-color":"var(--ast-global-color-5)","background-image":"","background-repeat":"repeat","background-position":"center center","background-size":"auto","background-attachment":"scroll","background-type":"","background-media":"","overlay-type":"","overlay-color":"","overlay-opacity":"","overlay-gradient":""}},"_joinchat":[],"footnotes":""},"class_list":["post-49949","page","type-page","status-publish","hentry"],"_links":{"self":[{"href":"https:\/\/flamenconsciente.com\/en\/wp-json\/wp\/v2\/pages\/49949","targetHints":{"allow":["GET"]}}],"collection":[{"href":"https:\/\/flamenconsciente.com\/en\/wp-json\/wp\/v2\/pages"}],"about":[{"href":"https:\/\/flamenconsciente.com\/en\/wp-json\/wp\/v2\/types\/page"}],"author":[{"embeddable":true,"href":"https:\/\/flamenconsciente.com\/en\/wp-json\/wp\/v2\/users\/416"}],"replies":[{"embeddable":true,"href":"https:\/\/flamenconsciente.com\/en\/wp-json\/wp\/v2\/comments?post=49949"}],"version-history":[{"count":1,"href":"https:\/\/flamenconsciente.com\/en\/wp-json\/wp\/v2\/pages\/49949\/revisions"}],"predecessor-version":[{"id":49951,"href":"https:\/\/flamenconsciente.com\/en\/wp-json\/wp\/v2\/pages\/49949\/revisions\/49951"}],"wp:attachment":[{"href":"https:\/\/flamenconsciente.com\/en\/wp-json\/wp\/v2\/media?parent=49949"}],"curies":[{"name":"wp","href":"https:\/\/api.w.org\/{rel}","templated":true}]}}